{"id":45336,"date":"2025-06-11T22:09:54","date_gmt":"2025-06-11T19:09:55","guid":{"rendered":"https:\/\/www.viitanordic.com\/?post_type=product&#038;p=45336"},"modified":"2025-06-11T22:17:28","modified_gmt":"2025-06-11T19:17:28","slug":"tapis-haiku-design-elina-helenius-beige","status":"publish","type":"product","link":"https:\/\/www.viitanordic.com\/fr\/product\/tapis-design\/tapis-haiku-design-elina-helenius-beige\/","title":{"rendered":"Tapis Haiku &#8211; Design Elina Helenius"},"content":{"rendered":"<p>Minimaliste et tranquille, le tapis scandinave HAIKU rayonne d&rsquo;une beaut\u00e9 tranquille, cr\u00e9ant une ambiance sereine.<\/p>\n<p><strong>Marque:<\/strong> VM-Carpet<\/p>\n<p><strong>Mat\u00e9riel:<\/strong> 100 % Laine certifi\u00e9e de Nouvelle-Z\u00e9lande<\/p>\n<p><strong>Origine:<\/strong> Finlande<\/p>\n<p><strong>Fabrication:<\/strong> Tiss\u00e9<\/p>\n<p><strong>Entretien: <\/strong>Passer l\u2019aspirateur de mani\u00e8re r\u00e9guli\u00e8re. Il est conseill\u00e9 d\u2019enlever la salet\u00e9 imm\u00e9diatement avec une patte humide. Ne pas frotter mais tamponner le tapis.<\/p>\n<p><strong>Nettoyage: <\/strong>Nettoyer le tapis soigneusement \u00e0 l\u2018eau (max. +30\u00baC), avec un d\u00e9tergeant doux et en utilisant une brosse douce. Ne pas immerger le tapis dans l\u2019eau et ne pas frotter le tapis. Rincer le tapis avec beaucoup d\u2019eau et presser l\u2019eau restante hors du tapis. Reformer soigneusement le tapis humide et le laisser s\u00e9cher \u00e0 plat. Ne pas plier le tapis. Nous conseillons un nettoyage professionnel.<\/p>\n","protected":false},"excerpt":{"rendered":"<p>Minimaliste et tranquille, le tapis scandinave HAIKU rayonne d&rsquo;une beaut\u00e9 tranquille, cr\u00e9ant une ambiance sereine. Marque: VM-Carpet Mat\u00e9riel: 100 % Laine certifi\u00e9e de Nouvelle-Z\u00e9lande Origine: Finlande Fabrication: Tiss\u00e9 Entretien: Passer l\u2019aspirateur de mani\u00e8re r\u00e9guli\u00e8re. Il est conseill\u00e9 d\u2019enlever la salet\u00e9 imm\u00e9diatement avec une patte humide. Ne pas frotter mais tamponner le tapis. Nettoyage: Nettoyer le [\u2026] <a href=\"https:\/\/www.viitanordic.com\/fr\/product\/tapis-design\/tapis-haiku-design-elina-helenius-beige\/\">\u00bb En lire plus<\/a><\/p>\n","protected":false},"featured_media":45354,"template":"","meta":{"_acf_changed":false},"product_brand":[],"product_cat":[1023,837],"product_tag":[],"class_list":{"0":"post-45336","1":"product","2":"type-product","3":"status-publish","4":"has-post-thumbnail","6":"product_cat-tapis-en-laine-tapis-scandinaves","7":"product_cat-tapis-design","9":"first","10":"instock","11":"taxable","12":"shipping-taxable","13":"purchasable","14":"product-type-variable","15":"has-default-attributes"},"acf":[],"yoast_head":"<!-- This site is optimized with the Yoast SEO plugin v25.8 - https:\/\/yoast.com\/wordpress\/plugins\/seo\/ -->\n<title>Tapis Haiku - Design Elina Helenius - Tapis Scandinaves - Tapis Nordiques - Fabriqu\u00e9s en Finlande - ViitaNordic - Tapis en laine scandinave<\/title>\n<meta name=\"description\" content=\"Minimaliste et tranquille, le tapis scandinave HAIKU rayonne d&#039;une beaut\u00e9 tranquille, cr\u00e9ant une ambiance sereine.\" \/>\n<meta name=\"robots\" content=\"index, follow, max-snippet:-1, max-image-preview:large, max-video-preview:-1\" \/>\n<link rel=\"canonical\" href=\"https:\/\/www.viitanordic.com\/fr\/product\/tapis-design\/tapis-haiku-design-elina-helenius-beige\/\" \/>\n<meta property=\"og:locale\" content=\"fr_FR\" \/>\n<meta property=\"og:type\" content=\"article\" \/>\n<meta property=\"og:title\" content=\"Tapis Haiku - Design Elina Helenius - Tapis Scandinaves - Tapis Nordiques - Fabriqu\u00e9s en Finlande - ViitaNordic - Tapis en laine scandinave\" \/>\n<meta property=\"og:description\" content=\"Minimaliste et tranquille, le tapis scandinave HAIKU rayonne d&#039;une beaut\u00e9 tranquille, cr\u00e9ant une ambiance sereine.\" \/>\n<meta property=\"og:url\" content=\"https:\/\/www.viitanordic.com\/fr\/product\/tapis-design\/tapis-haiku-design-elina-helenius-beige\/\" \/>\n<meta property=\"og:site_name\" content=\"Tapis Scandinaves - Tapis Nordiques - Fabriqu\u00e9s en Finlande - ViitaNordic\" \/>\n<meta property=\"article:publisher\" content=\"https:\/\/www.facebook.com\/viitanordic\" \/>\n<meta property=\"article:modified_time\" content=\"2025-06-11T19:17:28+00:00\" \/>\n<meta property=\"og:image\" content=\"https:\/\/www.viitanordic.com\/lataukset\/Scandinavian-Rug-Haiku-beige.jpg\" \/>\n\t<meta property=\"og:image:width\" content=\"1920\" \/>\n\t<meta property=\"og:image:height\" content=\"1592\" \/>\n\t<meta property=\"og:image:type\" content=\"image\/jpeg\" \/>\n<meta name=\"twitter:label1\" content=\"Dur\u00e9e de lecture estim\u00e9e\" \/>\n\t<meta name=\"twitter:data1\" content=\"1 minute\" \/>\n<script type=\"application\/ld+json\" class=\"yoast-schema-graph\">{\"@context\":\"https:\/\/schema.org\",\"@graph\":[{\"@type\":\"WebPage\",\"@id\":\"https:\/\/www.viitanordic.com\/fr\/product\/tapis-design\/tapis-haiku-design-elina-helenius-beige\/\",\"url\":\"https:\/\/www.viitanordic.com\/fr\/product\/tapis-design\/tapis-haiku-design-elina-helenius-beige\/\",\"name\":\"Tapis Haiku - Design Elina Helenius - Tapis Scandinaves - Tapis Nordiques - Fabriqu\u00e9s en Finlande - ViitaNordic - Tapis en laine scandinave\",\"isPartOf\":{\"@id\":\"https:\/\/www.viitanordic.com\/#website\"},\"primaryImageOfPage\":{\"@id\":\"https:\/\/www.viitanordic.com\/fr\/product\/tapis-design\/tapis-haiku-design-elina-helenius-beige\/#primaryimage\"},\"image\":{\"@id\":\"https:\/\/www.viitanordic.com\/fr\/product\/tapis-design\/tapis-haiku-design-elina-helenius-beige\/#primaryimage\"},\"thumbnailUrl\":\"https:\/\/www.viitanordic.com\/lataukset\/Scandinavian-Rug-Haiku-beige.jpg\",\"datePublished\":\"2025-06-11T19:09:55+00:00\",\"dateModified\":\"2025-06-11T19:17:28+00:00\",\"description\":\"Minimaliste et tranquille, le tapis scandinave HAIKU rayonne d'une beaut\u00e9 tranquille, cr\u00e9ant une ambiance sereine.\",\"breadcrumb\":{\"@id\":\"https:\/\/www.viitanordic.com\/fr\/product\/tapis-design\/tapis-haiku-design-elina-helenius-beige\/#breadcrumb\"},\"inLanguage\":\"fr-FR\",\"potentialAction\":[{\"@type\":\"ReadAction\",\"target\":[\"https:\/\/www.viitanordic.com\/fr\/product\/tapis-design\/tapis-haiku-design-elina-helenius-beige\/\"]}]},{\"@type\":\"ImageObject\",\"inLanguage\":\"fr-FR\",\"@id\":\"https:\/\/www.viitanordic.com\/fr\/product\/tapis-design\/tapis-haiku-design-elina-helenius-beige\/#primaryimage\",\"url\":\"https:\/\/www.viitanordic.com\/lataukset\/Scandinavian-Rug-Haiku-beige.jpg\",\"contentUrl\":\"https:\/\/www.viitanordic.com\/lataukset\/Scandinavian-Rug-Haiku-beige.jpg\",\"width\":1920,\"height\":1592,\"caption\":\"Finnish Rug Haiku - Made in Finland\"},{\"@type\":\"BreadcrumbList\",\"@id\":\"https:\/\/www.viitanordic.com\/fr\/product\/tapis-design\/tapis-haiku-design-elina-helenius-beige\/#breadcrumb\",\"itemListElement\":[{\"@type\":\"ListItem\",\"position\":1,\"name\":\"Etusivu\",\"item\":\"https:\/\/www.viitanordic.com\/fr\/\"},{\"@type\":\"ListItem\",\"position\":2,\"name\":\"Tapis Nordiques &#8211; Tapis Scandinaves\",\"item\":\"https:\/\/www.viitanordic.com\/fr\/\"},{\"@type\":\"ListItem\",\"position\":3,\"name\":\"Tapis Haiku &#8211; Design Elina Helenius\"}]},{\"@type\":\"WebSite\",\"@id\":\"https:\/\/www.viitanordic.com\/#website\",\"url\":\"https:\/\/www.viitanordic.com\/\",\"name\":\"Scandinavian Rugs - Nordic Rugs - Made in Finland \u2013 ViitaNordic\",\"description\":\"Tapis Scandinaves - Tapis Nordiques - Fabriqu\u00e9s en Finlande - ViitaNordic\",\"publisher\":{\"@id\":\"https:\/\/www.viitanordic.com\/#organization\"},\"potentialAction\":[{\"@type\":\"SearchAction\",\"target\":{\"@type\":\"EntryPoint\",\"urlTemplate\":\"https:\/\/www.viitanordic.com\/?s={search_term_string}\"},\"query-input\":{\"@type\":\"PropertyValueSpecification\",\"valueRequired\":true,\"valueName\":\"search_term_string\"}}],\"inLanguage\":\"fr-FR\"},{\"@type\":\"Organization\",\"@id\":\"https:\/\/www.viitanordic.com\/#organization\",\"name\":\"ViitaNordic Oy\",\"url\":\"https:\/\/www.viitanordic.com\/\",\"logo\":{\"@type\":\"ImageObject\",\"inLanguage\":\"fr-FR\",\"@id\":\"https:\/\/www.viitanordic.com\/#\/schema\/logo\/image\/\",\"url\":\"https:\/\/www.viitanordic.com\/lataukset\/logo-viitanordic.png\",\"contentUrl\":\"https:\/\/www.viitanordic.com\/lataukset\/logo-viitanordic.png\",\"width\":720,\"height\":111,\"caption\":\"ViitaNordic Oy\"},\"image\":{\"@id\":\"https:\/\/www.viitanordic.com\/#\/schema\/logo\/image\/\"},\"sameAs\":[\"https:\/\/www.facebook.com\/viitanordic\",\"https:\/\/fi.pinterest.com\/viitanordic\/\"]}]}<\/script>\n<!-- \/ Yoast SEO plugin. -->","yoast_head_json":{"title":"Tapis Haiku - Design Elina Helenius - Tapis Scandinaves - Tapis Nordiques - Fabriqu\u00e9s en Finlande - ViitaNordic - Tapis en laine scandinave","description":"Minimaliste et tranquille, le tapis scandinave HAIKU rayonne d'une beaut\u00e9 tranquille, cr\u00e9ant une ambiance sereine.","robots":{"index":"index","follow":"follow","max-snippet":"max-snippet:-1","max-image-preview":"max-image-preview:large","max-video-preview":"max-video-preview:-1"},"canonical":"https:\/\/www.viitanordic.com\/fr\/product\/tapis-design\/tapis-haiku-design-elina-helenius-beige\/","og_locale":"fr_FR","og_type":"article","og_title":"Tapis Haiku - Design Elina Helenius - Tapis Scandinaves - Tapis Nordiques - Fabriqu\u00e9s en Finlande - ViitaNordic - Tapis en laine scandinave","og_description":"Minimaliste et tranquille, le tapis scandinave HAIKU rayonne d'une beaut\u00e9 tranquille, cr\u00e9ant une ambiance sereine.","og_url":"https:\/\/www.viitanordic.com\/fr\/product\/tapis-design\/tapis-haiku-design-elina-helenius-beige\/","og_site_name":"Tapis Scandinaves - Tapis Nordiques - Fabriqu\u00e9s en Finlande - ViitaNordic","article_publisher":"https:\/\/www.facebook.com\/viitanordic","article_modified_time":"2025-06-11T19:17:28+00:00","og_image":[{"width":1920,"height":1592,"url":"https:\/\/www.viitanordic.com\/lataukset\/Scandinavian-Rug-Haiku-beige.jpg","type":"image\/jpeg"}],"twitter_misc":{"Dur\u00e9e de lecture estim\u00e9e":"1 minute"},"schema":{"@context":"https:\/\/schema.org","@graph":[{"@type":"WebPage","@id":"https:\/\/www.viitanordic.com\/fr\/product\/tapis-design\/tapis-haiku-design-elina-helenius-beige\/","url":"https:\/\/www.viitanordic.com\/fr\/product\/tapis-design\/tapis-haiku-design-elina-helenius-beige\/","name":"Tapis Haiku - Design Elina Helenius - Tapis Scandinaves - Tapis Nordiques - Fabriqu\u00e9s en Finlande - ViitaNordic - Tapis en laine scandinave","isPartOf":{"@id":"https:\/\/www.viitanordic.com\/#website"},"primaryImageOfPage":{"@id":"https:\/\/www.viitanordic.com\/fr\/product\/tapis-design\/tapis-haiku-design-elina-helenius-beige\/#primaryimage"},"image":{"@id":"https:\/\/www.viitanordic.com\/fr\/product\/tapis-design\/tapis-haiku-design-elina-helenius-beige\/#primaryimage"},"thumbnailUrl":"https:\/\/www.viitanordic.com\/lataukset\/Scandinavian-Rug-Haiku-beige.jpg","datePublished":"2025-06-11T19:09:55+00:00","dateModified":"2025-06-11T19:17:28+00:00","description":"Minimaliste et tranquille, le tapis scandinave HAIKU rayonne d'une beaut\u00e9 tranquille, cr\u00e9ant une ambiance sereine.","breadcrumb":{"@id":"https:\/\/www.viitanordic.com\/fr\/product\/tapis-design\/tapis-haiku-design-elina-helenius-beige\/#breadcrumb"},"inLanguage":"fr-FR","potentialAction":[{"@type":"ReadAction","target":["https:\/\/www.viitanordic.com\/fr\/product\/tapis-design\/tapis-haiku-design-elina-helenius-beige\/"]}]},{"@type":"ImageObject","inLanguage":"fr-FR","@id":"https:\/\/www.viitanordic.com\/fr\/product\/tapis-design\/tapis-haiku-design-elina-helenius-beige\/#primaryimage","url":"https:\/\/www.viitanordic.com\/lataukset\/Scandinavian-Rug-Haiku-beige.jpg","contentUrl":"https:\/\/www.viitanordic.com\/lataukset\/Scandinavian-Rug-Haiku-beige.jpg","width":1920,"height":1592,"caption":"Finnish Rug Haiku - Made in Finland"},{"@type":"BreadcrumbList","@id":"https:\/\/www.viitanordic.com\/fr\/product\/tapis-design\/tapis-haiku-design-elina-helenius-beige\/#breadcrumb","itemListElement":[{"@type":"ListItem","position":1,"name":"Etusivu","item":"https:\/\/www.viitanordic.com\/fr\/"},{"@type":"ListItem","position":2,"name":"Tapis Nordiques &#8211; Tapis Scandinaves","item":"https:\/\/www.viitanordic.com\/fr\/"},{"@type":"ListItem","position":3,"name":"Tapis Haiku &#8211; Design Elina Helenius"}]},{"@type":"WebSite","@id":"https:\/\/www.viitanordic.com\/#website","url":"https:\/\/www.viitanordic.com\/","name":"Scandinavian Rugs - Nordic Rugs - Made in Finland \u2013 ViitaNordic","description":"Tapis Scandinaves - Tapis Nordiques - Fabriqu\u00e9s en Finlande - ViitaNordic","publisher":{"@id":"https:\/\/www.viitanordic.com\/#organization"},"potentialAction":[{"@type":"SearchAction","target":{"@type":"EntryPoint","urlTemplate":"https:\/\/www.viitanordic.com\/?s={search_term_string}"},"query-input":{"@type":"PropertyValueSpecification","valueRequired":true,"valueName":"search_term_string"}}],"inLanguage":"fr-FR"},{"@type":"Organization","@id":"https:\/\/www.viitanordic.com\/#organization","name":"ViitaNordic Oy","url":"https:\/\/www.viitanordic.com\/","logo":{"@type":"ImageObject","inLanguage":"fr-FR","@id":"https:\/\/www.viitanordic.com\/#\/schema\/logo\/image\/","url":"https:\/\/www.viitanordic.com\/lataukset\/logo-viitanordic.png","contentUrl":"https:\/\/www.viitanordic.com\/lataukset\/logo-viitanordic.png","width":720,"height":111,"caption":"ViitaNordic Oy"},"image":{"@id":"https:\/\/www.viitanordic.com\/#\/schema\/logo\/image\/"},"sameAs":["https:\/\/www.facebook.com\/viitanordic","https:\/\/fi.pinterest.com\/viitanordic\/"]}]}},"_links":{"self":[{"href":"https:\/\/www.viitanordic.com\/fr\/wp-json\/wp\/v2\/product\/45336","targetHints":{"allow":["GET"]}}],"collection":[{"href":"https:\/\/www.viitanordic.com\/fr\/wp-json\/wp\/v2\/product"}],"about":[{"href":"https:\/\/www.viitanordic.com\/fr\/wp-json\/wp\/v2\/types\/product"}],"wp:featuredmedia":[{"embeddable":true,"href":"https:\/\/www.viitanordic.com\/fr\/wp-json\/wp\/v2\/media\/45354"}],"wp:attachment":[{"href":"https:\/\/www.viitanordic.com\/fr\/wp-json\/wp\/v2\/media?parent=45336"}],"wp:term":[{"taxonomy":"product_brand","embeddable":true,"href":"https:\/\/www.viitanordic.com\/fr\/wp-json\/wp\/v2\/product_brand?post=45336"},{"taxonomy":"product_cat","embeddable":true,"href":"https:\/\/www.viitanordic.com\/fr\/wp-json\/wp\/v2\/product_cat?post=45336"},{"taxonomy":"product_tag","embeddable":true,"href":"https:\/\/www.viitanordic.com\/fr\/wp-json\/wp\/v2\/product_tag?post=45336"}],"curies":[{"name":"wp","href":"https:\/\/api.w.org\/{rel}","templated":true}]}}