{"id":45377,"date":"2025-06-11T22:20:20","date_gmt":"2025-06-11T19:20:21","guid":{"rendered":"https:\/\/www.viitanordic.com\/?post_type=product&#038;p=45377"},"modified":"2025-08-31T13:56:52","modified_gmt":"2025-08-31T10:56:52","slug":"tapis-haiku-design-elina-helenius-noir","status":"publish","type":"product","link":"https:\/\/www.viitanordic.com\/fr\/product\/tapis-design\/tapis-haiku-design-elina-helenius-noir\/","title":{"rendered":"Tapis Haiku &#8211; Design Elina Helenius"},"content":{"rendered":"<p data-start=\"325\" data-end=\"615\">Le tapis en laine finlandais HAIKU allie le design scandinave minimaliste \u00e0 un savoir-faire artisanal authentique de Finlande. Con\u00e7u en laine naturelle de haute qualit\u00e9, il diffuse une \u00e9l\u00e9gance sobre et cr\u00e9e une atmosph\u00e8re chaleureuse et harmonieuse dans chaque int\u00e9rieur.<\/p>\n<p data-start=\"617\" data-end=\"931\">Gr\u00e2ce \u00e0 ses lignes \u00e9pur\u00e9es et intemporelles, le tapis HAIKU s\u2019int\u00e8gre parfaitement dans une d\u00e9coration nordique moderne, tout en apportant de la douceur et du caract\u00e8re aux espaces plus classiques. Sa laine robuste et durable assure confort, r\u00e9sistance et une beaut\u00e9 pr\u00e9serv\u00e9e m\u00eame lors d\u2019un usage quotidien.<\/p>\n<p data-start=\"933\" data-end=\"1175\">\u2714 Fabriqu\u00e9 en Finlande \u2013 v\u00e9ritable artisanat scandinave<br data-start=\"992\" data-end=\"995\" \/>\u2714 Mat\u00e9riaux naturels et durables \u2013 respirant, doux et facile d\u2019entretien<br data-start=\"1071\" data-end=\"1074\" \/>\u2714 Design minimaliste \u2013 cr\u00e9e s\u00e9r\u00e9nit\u00e9 et \u00e9l\u00e9gance dans le salon, la chambre ou la salle \u00e0 manger<\/p>\n<p data-start=\"1177\" data-end=\"1434\">Bien plus qu\u2019un simple rev\u00eatement de sol, le HAIKU est une pi\u00e8ce ma\u00eetresse du style nordique. Avec ce tapis en laine fabriqu\u00e9 en Finlande, vous invitez la chaleur, la naturalit\u00e9 et la beaut\u00e9 intemporelle du design scandinave dans votre maison.<\/p>\n<p><strong>Marque:<\/strong> VM-Carpet<\/p>\n<p><strong>Mat\u00e9riel:<\/strong> 100 % Laine certifi\u00e9e de Nouvelle-Z\u00e9lande<\/p>\n<p><strong>Origine:<\/strong> Finlande<\/p>\n<p><strong>Fabrication:<\/strong> Tiss\u00e9<\/p>\n<p><strong>Entretien: <\/strong>Passer l\u2019aspirateur de mani\u00e8re r\u00e9guli\u00e8re. Il est conseill\u00e9 d\u2019enlever la salet\u00e9 imm\u00e9diatement avec une patte humide. Ne pas frotter mais tamponner le tapis.<\/p>\n<p><strong>Nettoyage: <\/strong>Nettoyer le tapis soigneusement \u00e0 l\u2018eau (max. +30\u00baC), avec un d\u00e9tergeant doux et en utilisant une brosse douce. Ne pas immerger le tapis dans l\u2019eau et ne pas frotter le tapis. Rincer le tapis avec beaucoup d\u2019eau et presser l\u2019eau restante hors du tapis. Reformer soigneusement le tapis humide et le laisser s\u00e9cher \u00e0 plat. Ne pas plier le tapis. Nous conseillons un nettoyage professionnel.<\/p>\n","protected":false},"excerpt":{"rendered":"<p>Le tapis en laine finlandais HAIKU allie le design scandinave minimaliste \u00e0 un savoir-faire artisanal authentique de Finlande. Con\u00e7u en laine naturelle de haute qualit\u00e9, il diffuse une \u00e9l\u00e9gance sobre et cr\u00e9e une atmosph\u00e8re chaleureuse et harmonieuse dans chaque int\u00e9rieur. Gr\u00e2ce \u00e0 ses lignes \u00e9pur\u00e9es et intemporelles, le tapis HAIKU s\u2019int\u00e8gre parfaitement dans une d\u00e9coration [\u2026] <a href=\"https:\/\/www.viitanordic.com\/fr\/product\/tapis-design\/tapis-haiku-design-elina-helenius-noir\/\">\u00bb En lire plus<\/a><\/p>\n","protected":false},"featured_media":40893,"template":"","meta":{"_acf_changed":false},"product_brand":[],"product_cat":[1023,837],"product_tag":[],"class_list":{"0":"post-45377","1":"product","2":"type-product","3":"status-publish","4":"has-post-thumbnail","6":"product_cat-tapis-en-laine-tapis-scandinaves","7":"product_cat-tapis-design","9":"first","10":"instock","11":"taxable","12":"shipping-taxable","13":"purchasable","14":"product-type-variable","15":"has-default-attributes"},"acf":[],"yoast_head":"<!-- This site is optimized with the Yoast SEO plugin v25.8 - https:\/\/yoast.com\/wordpress\/plugins\/seo\/ -->\n<title>Tapis Haiku - Design Elina Helenius - Tapis Scandinaves - Tapis Nordiques - Fabriqu\u00e9s en Finlande - ViitaNordic - Tapis en laine scandinave<\/title>\n<meta name=\"description\" content=\"Minimaliste et tranquille, le tapis scandinave HAIKU rayonne d&#039;une beaut\u00e9 tranquille, cr\u00e9ant une ambiance sereine.\" \/>\n<meta name=\"robots\" content=\"index, follow, max-snippet:-1, max-image-preview:large, max-video-preview:-1\" \/>\n<link rel=\"canonical\" href=\"https:\/\/www.viitanordic.com\/fr\/product\/tapis-design\/tapis-haiku-design-elina-helenius-noir\/\" \/>\n<meta property=\"og:locale\" content=\"fr_FR\" \/>\n<meta property=\"og:type\" content=\"article\" \/>\n<meta property=\"og:title\" content=\"Tapis Haiku - Design Elina Helenius - Tapis Scandinaves - Tapis Nordiques - Fabriqu\u00e9s en Finlande - ViitaNordic - Tapis en laine scandinave\" \/>\n<meta property=\"og:description\" content=\"Minimaliste et tranquille, le tapis scandinave HAIKU rayonne d&#039;une beaut\u00e9 tranquille, cr\u00e9ant une ambiance sereine.\" \/>\n<meta property=\"og:url\" content=\"https:\/\/www.viitanordic.com\/fr\/product\/tapis-design\/tapis-haiku-design-elina-helenius-noir\/\" \/>\n<meta property=\"og:site_name\" content=\"Tapis Scandinaves - Tapis Nordiques - Fabriqu\u00e9s en Finlande - ViitaNordic\" \/>\n<meta property=\"article:publisher\" content=\"https:\/\/www.facebook.com\/viitanordic\" \/>\n<meta property=\"article:modified_time\" content=\"2025-08-31T10:56:52+00:00\" \/>\n<meta property=\"og:image\" content=\"https:\/\/www.viitanordic.com\/lataukset\/Nordic-Rug-Haiku-ViitaNordic.jpg\" \/>\n\t<meta property=\"og:image:width\" content=\"1920\" \/>\n\t<meta property=\"og:image:height\" content=\"1280\" \/>\n\t<meta property=\"og:image:type\" content=\"image\/jpeg\" \/>\n<meta name=\"twitter:label1\" content=\"Dur\u00e9e de lecture estim\u00e9e\" \/>\n\t<meta name=\"twitter:data1\" content=\"2 minutes\" \/>\n<script type=\"application\/ld+json\" class=\"yoast-schema-graph\">{\"@context\":\"https:\/\/schema.org\",\"@graph\":[{\"@type\":\"WebPage\",\"@id\":\"https:\/\/www.viitanordic.com\/fr\/product\/tapis-design\/tapis-haiku-design-elina-helenius-noir\/\",\"url\":\"https:\/\/www.viitanordic.com\/fr\/product\/tapis-design\/tapis-haiku-design-elina-helenius-noir\/\",\"name\":\"Tapis Haiku - Design Elina Helenius - Tapis Scandinaves - Tapis Nordiques - Fabriqu\u00e9s en Finlande - ViitaNordic - Tapis en laine scandinave\",\"isPartOf\":{\"@id\":\"https:\/\/www.viitanordic.com\/#website\"},\"primaryImageOfPage\":{\"@id\":\"https:\/\/www.viitanordic.com\/fr\/product\/tapis-design\/tapis-haiku-design-elina-helenius-noir\/#primaryimage\"},\"image\":{\"@id\":\"https:\/\/www.viitanordic.com\/fr\/product\/tapis-design\/tapis-haiku-design-elina-helenius-noir\/#primaryimage\"},\"thumbnailUrl\":\"https:\/\/www.viitanordic.com\/lataukset\/Nordic-Rug-Haiku-ViitaNordic.jpg\",\"datePublished\":\"2025-06-11T19:20:21+00:00\",\"dateModified\":\"2025-08-31T10:56:52+00:00\",\"description\":\"Minimaliste et tranquille, le tapis scandinave HAIKU rayonne d'une beaut\u00e9 tranquille, cr\u00e9ant une ambiance sereine.\",\"breadcrumb\":{\"@id\":\"https:\/\/www.viitanordic.com\/fr\/product\/tapis-design\/tapis-haiku-design-elina-helenius-noir\/#breadcrumb\"},\"inLanguage\":\"fr-FR\",\"potentialAction\":[{\"@type\":\"ReadAction\",\"target\":[\"https:\/\/www.viitanordic.com\/fr\/product\/tapis-design\/tapis-haiku-design-elina-helenius-noir\/\"]}]},{\"@type\":\"ImageObject\",\"inLanguage\":\"fr-FR\",\"@id\":\"https:\/\/www.viitanordic.com\/fr\/product\/tapis-design\/tapis-haiku-design-elina-helenius-noir\/#primaryimage\",\"url\":\"https:\/\/www.viitanordic.com\/lataukset\/Nordic-Rug-Haiku-ViitaNordic.jpg\",\"contentUrl\":\"https:\/\/www.viitanordic.com\/lataukset\/Nordic-Rug-Haiku-ViitaNordic.jpg\",\"width\":1920,\"height\":1280,\"caption\":\"Nordic Rug Haiku ViitaNordic\"},{\"@type\":\"BreadcrumbList\",\"@id\":\"https:\/\/www.viitanordic.com\/fr\/product\/tapis-design\/tapis-haiku-design-elina-helenius-noir\/#breadcrumb\",\"itemListElement\":[{\"@type\":\"ListItem\",\"position\":1,\"name\":\"Etusivu\",\"item\":\"https:\/\/www.viitanordic.com\/fr\/\"},{\"@type\":\"ListItem\",\"position\":2,\"name\":\"Tapis Nordiques &#8211; Tapis Scandinaves\",\"item\":\"https:\/\/www.viitanordic.com\/fr\/\"},{\"@type\":\"ListItem\",\"position\":3,\"name\":\"Tapis Haiku &#8211; Design Elina Helenius\"}]},{\"@type\":\"WebSite\",\"@id\":\"https:\/\/www.viitanordic.com\/#website\",\"url\":\"https:\/\/www.viitanordic.com\/\",\"name\":\"Scandinavian Rugs - Nordic Rugs - Made in Finland \u2013 ViitaNordic\",\"description\":\"Tapis Scandinaves - Tapis Nordiques - Fabriqu\u00e9s en Finlande - ViitaNordic\",\"publisher\":{\"@id\":\"https:\/\/www.viitanordic.com\/#organization\"},\"potentialAction\":[{\"@type\":\"SearchAction\",\"target\":{\"@type\":\"EntryPoint\",\"urlTemplate\":\"https:\/\/www.viitanordic.com\/?s={search_term_string}\"},\"query-input\":{\"@type\":\"PropertyValueSpecification\",\"valueRequired\":true,\"valueName\":\"search_term_string\"}}],\"inLanguage\":\"fr-FR\"},{\"@type\":\"Organization\",\"@id\":\"https:\/\/www.viitanordic.com\/#organization\",\"name\":\"ViitaNordic Oy\",\"url\":\"https:\/\/www.viitanordic.com\/\",\"logo\":{\"@type\":\"ImageObject\",\"inLanguage\":\"fr-FR\",\"@id\":\"https:\/\/www.viitanordic.com\/#\/schema\/logo\/image\/\",\"url\":\"https:\/\/www.viitanordic.com\/lataukset\/logo-viitanordic.png\",\"contentUrl\":\"https:\/\/www.viitanordic.com\/lataukset\/logo-viitanordic.png\",\"width\":720,\"height\":111,\"caption\":\"ViitaNordic Oy\"},\"image\":{\"@id\":\"https:\/\/www.viitanordic.com\/#\/schema\/logo\/image\/\"},\"sameAs\":[\"https:\/\/www.facebook.com\/viitanordic\",\"https:\/\/fi.pinterest.com\/viitanordic\/\"]}]}<\/script>\n<!-- \/ Yoast SEO plugin. -->","yoast_head_json":{"title":"Tapis Haiku - Design Elina Helenius - Tapis Scandinaves - Tapis Nordiques - Fabriqu\u00e9s en Finlande - ViitaNordic - Tapis en laine scandinave","description":"Minimaliste et tranquille, le tapis scandinave HAIKU rayonne d'une beaut\u00e9 tranquille, cr\u00e9ant une ambiance sereine.","robots":{"index":"index","follow":"follow","max-snippet":"max-snippet:-1","max-image-preview":"max-image-preview:large","max-video-preview":"max-video-preview:-1"},"canonical":"https:\/\/www.viitanordic.com\/fr\/product\/tapis-design\/tapis-haiku-design-elina-helenius-noir\/","og_locale":"fr_FR","og_type":"article","og_title":"Tapis Haiku - Design Elina Helenius - Tapis Scandinaves - Tapis Nordiques - Fabriqu\u00e9s en Finlande - ViitaNordic - Tapis en laine scandinave","og_description":"Minimaliste et tranquille, le tapis scandinave HAIKU rayonne d'une beaut\u00e9 tranquille, cr\u00e9ant une ambiance sereine.","og_url":"https:\/\/www.viitanordic.com\/fr\/product\/tapis-design\/tapis-haiku-design-elina-helenius-noir\/","og_site_name":"Tapis Scandinaves - Tapis Nordiques - Fabriqu\u00e9s en Finlande - ViitaNordic","article_publisher":"https:\/\/www.facebook.com\/viitanordic","article_modified_time":"2025-08-31T10:56:52+00:00","og_image":[{"width":1920,"height":1280,"url":"https:\/\/www.viitanordic.com\/lataukset\/Nordic-Rug-Haiku-ViitaNordic.jpg","type":"image\/jpeg"}],"twitter_misc":{"Dur\u00e9e de lecture estim\u00e9e":"2 minutes"},"schema":{"@context":"https:\/\/schema.org","@graph":[{"@type":"WebPage","@id":"https:\/\/www.viitanordic.com\/fr\/product\/tapis-design\/tapis-haiku-design-elina-helenius-noir\/","url":"https:\/\/www.viitanordic.com\/fr\/product\/tapis-design\/tapis-haiku-design-elina-helenius-noir\/","name":"Tapis Haiku - Design Elina Helenius - Tapis Scandinaves - Tapis Nordiques - Fabriqu\u00e9s en Finlande - ViitaNordic - Tapis en laine scandinave","isPartOf":{"@id":"https:\/\/www.viitanordic.com\/#website"},"primaryImageOfPage":{"@id":"https:\/\/www.viitanordic.com\/fr\/product\/tapis-design\/tapis-haiku-design-elina-helenius-noir\/#primaryimage"},"image":{"@id":"https:\/\/www.viitanordic.com\/fr\/product\/tapis-design\/tapis-haiku-design-elina-helenius-noir\/#primaryimage"},"thumbnailUrl":"https:\/\/www.viitanordic.com\/lataukset\/Nordic-Rug-Haiku-ViitaNordic.jpg","datePublished":"2025-06-11T19:20:21+00:00","dateModified":"2025-08-31T10:56:52+00:00","description":"Minimaliste et tranquille, le tapis scandinave HAIKU rayonne d'une beaut\u00e9 tranquille, cr\u00e9ant une ambiance sereine.","breadcrumb":{"@id":"https:\/\/www.viitanordic.com\/fr\/product\/tapis-design\/tapis-haiku-design-elina-helenius-noir\/#breadcrumb"},"inLanguage":"fr-FR","potentialAction":[{"@type":"ReadAction","target":["https:\/\/www.viitanordic.com\/fr\/product\/tapis-design\/tapis-haiku-design-elina-helenius-noir\/"]}]},{"@type":"ImageObject","inLanguage":"fr-FR","@id":"https:\/\/www.viitanordic.com\/fr\/product\/tapis-design\/tapis-haiku-design-elina-helenius-noir\/#primaryimage","url":"https:\/\/www.viitanordic.com\/lataukset\/Nordic-Rug-Haiku-ViitaNordic.jpg","contentUrl":"https:\/\/www.viitanordic.com\/lataukset\/Nordic-Rug-Haiku-ViitaNordic.jpg","width":1920,"height":1280,"caption":"Nordic Rug Haiku ViitaNordic"},{"@type":"BreadcrumbList","@id":"https:\/\/www.viitanordic.com\/fr\/product\/tapis-design\/tapis-haiku-design-elina-helenius-noir\/#breadcrumb","itemListElement":[{"@type":"ListItem","position":1,"name":"Etusivu","item":"https:\/\/www.viitanordic.com\/fr\/"},{"@type":"ListItem","position":2,"name":"Tapis Nordiques &#8211; Tapis Scandinaves","item":"https:\/\/www.viitanordic.com\/fr\/"},{"@type":"ListItem","position":3,"name":"Tapis Haiku &#8211; Design Elina Helenius"}]},{"@type":"WebSite","@id":"https:\/\/www.viitanordic.com\/#website","url":"https:\/\/www.viitanordic.com\/","name":"Scandinavian Rugs - Nordic Rugs - Made in Finland \u2013 ViitaNordic","description":"Tapis Scandinaves - Tapis Nordiques - Fabriqu\u00e9s en Finlande - ViitaNordic","publisher":{"@id":"https:\/\/www.viitanordic.com\/#organization"},"potentialAction":[{"@type":"SearchAction","target":{"@type":"EntryPoint","urlTemplate":"https:\/\/www.viitanordic.com\/?s={search_term_string}"},"query-input":{"@type":"PropertyValueSpecification","valueRequired":true,"valueName":"search_term_string"}}],"inLanguage":"fr-FR"},{"@type":"Organization","@id":"https:\/\/www.viitanordic.com\/#organization","name":"ViitaNordic Oy","url":"https:\/\/www.viitanordic.com\/","logo":{"@type":"ImageObject","inLanguage":"fr-FR","@id":"https:\/\/www.viitanordic.com\/#\/schema\/logo\/image\/","url":"https:\/\/www.viitanordic.com\/lataukset\/logo-viitanordic.png","contentUrl":"https:\/\/www.viitanordic.com\/lataukset\/logo-viitanordic.png","width":720,"height":111,"caption":"ViitaNordic Oy"},"image":{"@id":"https:\/\/www.viitanordic.com\/#\/schema\/logo\/image\/"},"sameAs":["https:\/\/www.facebook.com\/viitanordic","https:\/\/fi.pinterest.com\/viitanordic\/"]}]}},"_links":{"self":[{"href":"https:\/\/www.viitanordic.com\/fr\/wp-json\/wp\/v2\/product\/45377","targetHints":{"allow":["GET"]}}],"collection":[{"href":"https:\/\/www.viitanordic.com\/fr\/wp-json\/wp\/v2\/product"}],"about":[{"href":"https:\/\/www.viitanordic.com\/fr\/wp-json\/wp\/v2\/types\/product"}],"wp:featuredmedia":[{"embeddable":true,"href":"https:\/\/www.viitanordic.com\/fr\/wp-json\/wp\/v2\/media\/40893"}],"wp:attachment":[{"href":"https:\/\/www.viitanordic.com\/fr\/wp-json\/wp\/v2\/media?parent=45377"}],"wp:term":[{"taxonomy":"product_brand","embeddable":true,"href":"https:\/\/www.viitanordic.com\/fr\/wp-json\/wp\/v2\/product_brand?post=45377"},{"taxonomy":"product_cat","embeddable":true,"href":"https:\/\/www.viitanordic.com\/fr\/wp-json\/wp\/v2\/product_cat?post=45377"},{"taxonomy":"product_tag","embeddable":true,"href":"https:\/\/www.viitanordic.com\/fr\/wp-json\/wp\/v2\/product_tag?post=45377"}],"curies":[{"name":"wp","href":"https:\/\/api.w.org\/{rel}","templated":true}]}}