{"id":6121,"date":"2015-12-10T13:55:01","date_gmt":"2015-12-10T11:55:01","guid":{"rendered":"http:\/\/www.viitanordic.com\/dev\/product\/uncategorized\/olle\/"},"modified":"2024-11-28T21:14:55","modified_gmt":"2024-11-28T19:14:55","slug":"viita","status":"publish","type":"product","link":"https:\/\/www.viitanordic.com\/fr\/product\/tapis-en-coton-tapis-chiffon-fabriques-en-finlande\/viita\/","title":{"rendered":"Viita"},"content":{"rendered":"<p>Viita est un magnifique tapis finlandais. Le tapis convient bien dans la chambre \u00e0 coucher, dans le salon ou dans la cuisine. Viita est fabriqu\u00e9 encore de mani\u00e8re traditionnelle et est ainsi de haute qualit\u00e9. Comme la fabrication de ces tapis exige beaucoup de travail manuel, chaque produit est unique et peut par cons\u00e9quent diff\u00e9rer l\u00e9g\u00e8rement des images ci-dessus.<\/p>\n<p><strong>Marque:<\/strong> ViitaNordic<\/p>\n<p><strong>Mat\u00e9riel:<\/strong> 100% coton<\/p>\n<p><strong>Origine:<\/strong> Finlande<\/p>\n<p><strong>Fabrication:<\/strong> Tiss\u00e9<\/p>\n<p><strong>Entretien: <\/strong>Passer l\u2019aspirateur de mani\u00e8re r\u00e9guli\u00e8re. Il est conseill\u00e9 d\u2019enlever la salet\u00e9 imm\u00e9diatement avec une patte humide. Ne pas frotter mais tamponner le tapis.<\/p>\n<p><strong>Nettoyage: <\/strong>Nettoyer le tapis soigneusement \u00e0 l\u2018eau (max. +30\u00baC), avec un d\u00e9tergeant doux et en utilisant une brosse douce. Ne pas immerger le tapis dans l\u2019eau et ne pas frotter le tapis. Rincer le tapis avec beaucoup d\u2019eau et presser l\u2019eau restante hors du tapis. Reformer soigneusement le tapis humide et le laisser s\u00e9cher \u00e0 plat. Ne pas plier le tapis. Le coton peut r\u00e9tr\u00e9cir d\u2019environ 5% apr\u00e8s l\u2019avoir nettoy\u00e9.<\/p>\n","protected":false},"excerpt":{"rendered":"<p>Viita est un magnifique tapis finlandais. Le tapis convient bien dans la chambre \u00e0 coucher, dans le salon ou dans la cuisine. Viita est fabriqu\u00e9 encore de mani\u00e8re traditionnelle et est ainsi de haute qualit\u00e9. Comme la fabrication de ces tapis exige beaucoup de travail manuel, chaque produit est unique et peut par cons\u00e9quent diff\u00e9rer [\u2026] <a href=\"https:\/\/www.viitanordic.com\/fr\/product\/tapis-en-coton-tapis-chiffon-fabriques-en-finlande\/viita\/\">\u00bb En lire plus<\/a><\/p>\n","protected":false},"featured_media":3686,"template":"","meta":{"_acf_changed":false},"product_brand":[],"product_cat":[191],"product_tag":[],"class_list":{"0":"post-6121","1":"product","2":"type-product","3":"status-publish","4":"has-post-thumbnail","6":"product_cat-tapis-en-coton-tapis-chiffon-fabriques-en-finlande","8":"first","9":"instock","10":"taxable","11":"shipping-taxable","12":"purchasable","13":"product-type-variable","14":"has-default-attributes"},"acf":[],"yoast_head":"<!-- This site is optimized with the Yoast SEO plugin v25.8 - https:\/\/yoast.com\/wordpress\/plugins\/seo\/ -->\n<title>Viita - Tapis Scandinaves - Tapis Nordiques - Fabriqu\u00e9s en Finlande - ViitaNordic<\/title>\n<meta name=\"description\" content=\"Viita est un magnifique tapis finlandais. Ce tapis en coton convient bien dans la chambre \u00e0 coucher, dans le salon ou dans la cuisine. Viita est fabriqu\u00e9 encore de mani\u00e8re traditionnelle et est ainsi de haute qualit\u00e9.\" \/>\n<meta name=\"robots\" content=\"index, follow, max-snippet:-1, max-image-preview:large, max-video-preview:-1\" \/>\n<link rel=\"canonical\" href=\"https:\/\/www.viitanordic.com\/fr\/product\/tapis-en-coton-tapis-chiffon-fabriques-en-finlande\/viita\/\" \/>\n<meta property=\"og:locale\" content=\"fr_FR\" \/>\n<meta property=\"og:type\" content=\"article\" \/>\n<meta property=\"og:title\" content=\"Viita - Tapis Scandinaves - Tapis Nordiques - Fabriqu\u00e9s en Finlande - ViitaNordic\" \/>\n<meta property=\"og:description\" content=\"Viita est un magnifique tapis finlandais. Ce tapis en coton convient bien dans la chambre \u00e0 coucher, dans le salon ou dans la cuisine. Viita est fabriqu\u00e9 encore de mani\u00e8re traditionnelle et est ainsi de haute qualit\u00e9.\" \/>\n<meta property=\"og:url\" content=\"https:\/\/www.viitanordic.com\/fr\/product\/tapis-en-coton-tapis-chiffon-fabriques-en-finlande\/viita\/\" \/>\n<meta property=\"og:site_name\" content=\"Tapis Scandinaves - Tapis Nordiques - Fabriqu\u00e9s en Finlande - ViitaNordic\" \/>\n<meta property=\"article:publisher\" content=\"https:\/\/www.facebook.com\/viitanordic\" \/>\n<meta property=\"article:modified_time\" content=\"2024-11-28T19:14:55+00:00\" \/>\n<meta property=\"og:image\" content=\"https:\/\/www.viitanordic.com\/lataukset\/IMG_8846.jpg\" \/>\n\t<meta property=\"og:image:width\" content=\"1800\" \/>\n\t<meta property=\"og:image:height\" content=\"1222\" \/>\n\t<meta property=\"og:image:type\" content=\"image\/jpeg\" \/>\n<meta name=\"twitter:label1\" content=\"Dur\u00e9e de lecture estim\u00e9e\" \/>\n\t<meta name=\"twitter:data1\" content=\"1 minute\" \/>\n<script type=\"application\/ld+json\" class=\"yoast-schema-graph\">{\"@context\":\"https:\/\/schema.org\",\"@graph\":[{\"@type\":\"WebPage\",\"@id\":\"https:\/\/www.viitanordic.com\/fr\/product\/tapis-en-coton-tapis-chiffon-fabriques-en-finlande\/viita\/\",\"url\":\"https:\/\/www.viitanordic.com\/fr\/product\/tapis-en-coton-tapis-chiffon-fabriques-en-finlande\/viita\/\",\"name\":\"Viita - Tapis Scandinaves - Tapis Nordiques - Fabriqu\u00e9s en Finlande - ViitaNordic\",\"isPartOf\":{\"@id\":\"https:\/\/www.viitanordic.com\/#website\"},\"primaryImageOfPage\":{\"@id\":\"https:\/\/www.viitanordic.com\/fr\/product\/tapis-en-coton-tapis-chiffon-fabriques-en-finlande\/viita\/#primaryimage\"},\"image\":{\"@id\":\"https:\/\/www.viitanordic.com\/fr\/product\/tapis-en-coton-tapis-chiffon-fabriques-en-finlande\/viita\/#primaryimage\"},\"thumbnailUrl\":\"https:\/\/www.viitanordic.com\/lataukset\/IMG_8846.jpg\",\"datePublished\":\"2015-12-10T11:55:01+00:00\",\"dateModified\":\"2024-11-28T19:14:55+00:00\",\"description\":\"Viita est un magnifique tapis finlandais. Ce tapis en coton convient bien dans la chambre \u00e0 coucher, dans le salon ou dans la cuisine. Viita est fabriqu\u00e9 encore de mani\u00e8re traditionnelle et est ainsi de haute qualit\u00e9.\",\"breadcrumb\":{\"@id\":\"https:\/\/www.viitanordic.com\/fr\/product\/tapis-en-coton-tapis-chiffon-fabriques-en-finlande\/viita\/#breadcrumb\"},\"inLanguage\":\"fr-FR\",\"potentialAction\":[{\"@type\":\"ReadAction\",\"target\":[\"https:\/\/www.viitanordic.com\/fr\/product\/tapis-en-coton-tapis-chiffon-fabriques-en-finlande\/viita\/\"]}]},{\"@type\":\"ImageObject\",\"inLanguage\":\"fr-FR\",\"@id\":\"https:\/\/www.viitanordic.com\/fr\/product\/tapis-en-coton-tapis-chiffon-fabriques-en-finlande\/viita\/#primaryimage\",\"url\":\"https:\/\/www.viitanordic.com\/lataukset\/IMG_8846.jpg\",\"contentUrl\":\"https:\/\/www.viitanordic.com\/lataukset\/IMG_8846.jpg\",\"width\":1800,\"height\":1222},{\"@type\":\"BreadcrumbList\",\"@id\":\"https:\/\/www.viitanordic.com\/fr\/product\/tapis-en-coton-tapis-chiffon-fabriques-en-finlande\/viita\/#breadcrumb\",\"itemListElement\":[{\"@type\":\"ListItem\",\"position\":1,\"name\":\"Etusivu\",\"item\":\"https:\/\/www.viitanordic.com\/fr\/\"},{\"@type\":\"ListItem\",\"position\":2,\"name\":\"Tapis Nordiques &#8211; Tapis Scandinaves\",\"item\":\"https:\/\/www.viitanordic.com\/fr\/\"},{\"@type\":\"ListItem\",\"position\":3,\"name\":\"Viita\"}]},{\"@type\":\"WebSite\",\"@id\":\"https:\/\/www.viitanordic.com\/#website\",\"url\":\"https:\/\/www.viitanordic.com\/\",\"name\":\"Scandinavian Rugs - Nordic Rugs - Made in Finland \u2013 ViitaNordic\",\"description\":\"Tapis Scandinaves - Tapis Nordiques - Fabriqu\u00e9s en Finlande - ViitaNordic\",\"publisher\":{\"@id\":\"https:\/\/www.viitanordic.com\/#organization\"},\"potentialAction\":[{\"@type\":\"SearchAction\",\"target\":{\"@type\":\"EntryPoint\",\"urlTemplate\":\"https:\/\/www.viitanordic.com\/?s={search_term_string}\"},\"query-input\":{\"@type\":\"PropertyValueSpecification\",\"valueRequired\":true,\"valueName\":\"search_term_string\"}}],\"inLanguage\":\"fr-FR\"},{\"@type\":\"Organization\",\"@id\":\"https:\/\/www.viitanordic.com\/#organization\",\"name\":\"ViitaNordic Oy\",\"url\":\"https:\/\/www.viitanordic.com\/\",\"logo\":{\"@type\":\"ImageObject\",\"inLanguage\":\"fr-FR\",\"@id\":\"https:\/\/www.viitanordic.com\/#\/schema\/logo\/image\/\",\"url\":\"https:\/\/www.viitanordic.com\/lataukset\/logo-viitanordic.png\",\"contentUrl\":\"https:\/\/www.viitanordic.com\/lataukset\/logo-viitanordic.png\",\"width\":720,\"height\":111,\"caption\":\"ViitaNordic Oy\"},\"image\":{\"@id\":\"https:\/\/www.viitanordic.com\/#\/schema\/logo\/image\/\"},\"sameAs\":[\"https:\/\/www.facebook.com\/viitanordic\",\"https:\/\/fi.pinterest.com\/viitanordic\/\"]}]}<\/script>\n<!-- \/ Yoast SEO plugin. -->","yoast_head_json":{"title":"Viita - Tapis Scandinaves - Tapis Nordiques - Fabriqu\u00e9s en Finlande - ViitaNordic","description":"Viita est un magnifique tapis finlandais. Ce tapis en coton convient bien dans la chambre \u00e0 coucher, dans le salon ou dans la cuisine. Viita est fabriqu\u00e9 encore de mani\u00e8re traditionnelle et est ainsi de haute qualit\u00e9.","robots":{"index":"index","follow":"follow","max-snippet":"max-snippet:-1","max-image-preview":"max-image-preview:large","max-video-preview":"max-video-preview:-1"},"canonical":"https:\/\/www.viitanordic.com\/fr\/product\/tapis-en-coton-tapis-chiffon-fabriques-en-finlande\/viita\/","og_locale":"fr_FR","og_type":"article","og_title":"Viita - Tapis Scandinaves - Tapis Nordiques - Fabriqu\u00e9s en Finlande - ViitaNordic","og_description":"Viita est un magnifique tapis finlandais. Ce tapis en coton convient bien dans la chambre \u00e0 coucher, dans le salon ou dans la cuisine. Viita est fabriqu\u00e9 encore de mani\u00e8re traditionnelle et est ainsi de haute qualit\u00e9.","og_url":"https:\/\/www.viitanordic.com\/fr\/product\/tapis-en-coton-tapis-chiffon-fabriques-en-finlande\/viita\/","og_site_name":"Tapis Scandinaves - Tapis Nordiques - Fabriqu\u00e9s en Finlande - ViitaNordic","article_publisher":"https:\/\/www.facebook.com\/viitanordic","article_modified_time":"2024-11-28T19:14:55+00:00","og_image":[{"width":1800,"height":1222,"url":"https:\/\/www.viitanordic.com\/lataukset\/IMG_8846.jpg","type":"image\/jpeg"}],"twitter_misc":{"Dur\u00e9e de lecture estim\u00e9e":"1 minute"},"schema":{"@context":"https:\/\/schema.org","@graph":[{"@type":"WebPage","@id":"https:\/\/www.viitanordic.com\/fr\/product\/tapis-en-coton-tapis-chiffon-fabriques-en-finlande\/viita\/","url":"https:\/\/www.viitanordic.com\/fr\/product\/tapis-en-coton-tapis-chiffon-fabriques-en-finlande\/viita\/","name":"Viita - Tapis Scandinaves - Tapis Nordiques - Fabriqu\u00e9s en Finlande - ViitaNordic","isPartOf":{"@id":"https:\/\/www.viitanordic.com\/#website"},"primaryImageOfPage":{"@id":"https:\/\/www.viitanordic.com\/fr\/product\/tapis-en-coton-tapis-chiffon-fabriques-en-finlande\/viita\/#primaryimage"},"image":{"@id":"https:\/\/www.viitanordic.com\/fr\/product\/tapis-en-coton-tapis-chiffon-fabriques-en-finlande\/viita\/#primaryimage"},"thumbnailUrl":"https:\/\/www.viitanordic.com\/lataukset\/IMG_8846.jpg","datePublished":"2015-12-10T11:55:01+00:00","dateModified":"2024-11-28T19:14:55+00:00","description":"Viita est un magnifique tapis finlandais. Ce tapis en coton convient bien dans la chambre \u00e0 coucher, dans le salon ou dans la cuisine. Viita est fabriqu\u00e9 encore de mani\u00e8re traditionnelle et est ainsi de haute qualit\u00e9.","breadcrumb":{"@id":"https:\/\/www.viitanordic.com\/fr\/product\/tapis-en-coton-tapis-chiffon-fabriques-en-finlande\/viita\/#breadcrumb"},"inLanguage":"fr-FR","potentialAction":[{"@type":"ReadAction","target":["https:\/\/www.viitanordic.com\/fr\/product\/tapis-en-coton-tapis-chiffon-fabriques-en-finlande\/viita\/"]}]},{"@type":"ImageObject","inLanguage":"fr-FR","@id":"https:\/\/www.viitanordic.com\/fr\/product\/tapis-en-coton-tapis-chiffon-fabriques-en-finlande\/viita\/#primaryimage","url":"https:\/\/www.viitanordic.com\/lataukset\/IMG_8846.jpg","contentUrl":"https:\/\/www.viitanordic.com\/lataukset\/IMG_8846.jpg","width":1800,"height":1222},{"@type":"BreadcrumbList","@id":"https:\/\/www.viitanordic.com\/fr\/product\/tapis-en-coton-tapis-chiffon-fabriques-en-finlande\/viita\/#breadcrumb","itemListElement":[{"@type":"ListItem","position":1,"name":"Etusivu","item":"https:\/\/www.viitanordic.com\/fr\/"},{"@type":"ListItem","position":2,"name":"Tapis Nordiques &#8211; Tapis Scandinaves","item":"https:\/\/www.viitanordic.com\/fr\/"},{"@type":"ListItem","position":3,"name":"Viita"}]},{"@type":"WebSite","@id":"https:\/\/www.viitanordic.com\/#website","url":"https:\/\/www.viitanordic.com\/","name":"Scandinavian Rugs - Nordic Rugs - Made in Finland \u2013 ViitaNordic","description":"Tapis Scandinaves - Tapis Nordiques - Fabriqu\u00e9s en Finlande - ViitaNordic","publisher":{"@id":"https:\/\/www.viitanordic.com\/#organization"},"potentialAction":[{"@type":"SearchAction","target":{"@type":"EntryPoint","urlTemplate":"https:\/\/www.viitanordic.com\/?s={search_term_string}"},"query-input":{"@type":"PropertyValueSpecification","valueRequired":true,"valueName":"search_term_string"}}],"inLanguage":"fr-FR"},{"@type":"Organization","@id":"https:\/\/www.viitanordic.com\/#organization","name":"ViitaNordic Oy","url":"https:\/\/www.viitanordic.com\/","logo":{"@type":"ImageObject","inLanguage":"fr-FR","@id":"https:\/\/www.viitanordic.com\/#\/schema\/logo\/image\/","url":"https:\/\/www.viitanordic.com\/lataukset\/logo-viitanordic.png","contentUrl":"https:\/\/www.viitanordic.com\/lataukset\/logo-viitanordic.png","width":720,"height":111,"caption":"ViitaNordic Oy"},"image":{"@id":"https:\/\/www.viitanordic.com\/#\/schema\/logo\/image\/"},"sameAs":["https:\/\/www.facebook.com\/viitanordic","https:\/\/fi.pinterest.com\/viitanordic\/"]}]}},"_links":{"self":[{"href":"https:\/\/www.viitanordic.com\/fr\/wp-json\/wp\/v2\/product\/6121","targetHints":{"allow":["GET"]}}],"collection":[{"href":"https:\/\/www.viitanordic.com\/fr\/wp-json\/wp\/v2\/product"}],"about":[{"href":"https:\/\/www.viitanordic.com\/fr\/wp-json\/wp\/v2\/types\/product"}],"wp:featuredmedia":[{"embeddable":true,"href":"https:\/\/www.viitanordic.com\/fr\/wp-json\/wp\/v2\/media\/3686"}],"wp:attachment":[{"href":"https:\/\/www.viitanordic.com\/fr\/wp-json\/wp\/v2\/media?parent=6121"}],"wp:term":[{"taxonomy":"product_brand","embeddable":true,"href":"https:\/\/www.viitanordic.com\/fr\/wp-json\/wp\/v2\/product_brand?post=6121"},{"taxonomy":"product_cat","embeddable":true,"href":"https:\/\/www.viitanordic.com\/fr\/wp-json\/wp\/v2\/product_cat?post=6121"},{"taxonomy":"product_tag","embeddable":true,"href":"https:\/\/www.viitanordic.com\/fr\/wp-json\/wp\/v2\/product_tag?post=6121"}],"curies":[{"name":"wp","href":"https:\/\/api.w.org\/{rel}","templated":true}]}}